{"id":1789,"date":"2018-12-20T11:47:06","date_gmt":"2018-12-20T16:47:06","guid":{"rendered":"\/territory-served-in-business-chair-massage-in-quebec\/"},"modified":"2025-09-02T14:42:49","modified_gmt":"2025-09-02T18:42:49","slug":"corporate-chair-massage-in-quebec-canada","status":"publish","type":"page","link":"https:\/\/cochezsante.com\/en\/territories-served\/corporate-chair-massage-in-quebec-canada\/","title":{"rendered":"Corporate chair massage in Quebec and Canada"},"content":{"rendered":"\t\t<div data-elementor-type=\"wp-page\" data-elementor-id=\"1789\" class=\"elementor elementor-1789 elementor-1305\" data-elementor-post-type=\"page\">\n\t\t\t\t<div class=\"elementor-element elementor-element-37100752 e-flex e-con-boxed e-con e-parent\" data-id=\"37100752\" data-element_type=\"container\">\n\t\t\t\t\t<div class=\"e-con-inner\">\n\t\t\t\t<div class=\"elementor-element elementor-element-f9b181b elementor-widget elementor-widget-heading\" data-id=\"f9b181b\" data-element_type=\"widget\" data-widget_type=\"heading.default\">\n\t\t\t\t\t<h1 class=\"elementor-heading-title elementor-size-default\">Corporate chair massage in Quebec and Canada<\/h1>\t\t\t\t<\/div>\n\t\t\t\t<div class=\"elementor-element elementor-element-951cbba elementor-widget elementor-widget-heading\" data-id=\"951cbba\" data-element_type=\"widget\" data-widget_type=\"heading.default\">\n\t\t\t\t\t<h2 class=\"elementor-heading-title elementor-size-default\">PROVINCE OF QUEBEC<\/h2>\t\t\t\t<\/div>\n\t\t\t\t<div class=\"elementor-element elementor-element-1b12200 elementor-widget elementor-widget-html\" data-id=\"1b12200\" data-element_type=\"widget\" data-widget_type=\"html.default\">\n\t\t\t\t\t<ul>\r\n \t<li><a href=\"https:\/\/cochezsante.com\/en\/territories-served\/corporate-chair-massage-in-quebec-canada\/corporate-chair-massage-in-montreal\/\">Montr\u00e9al<\/a><\/li>\r\n \t<li><a href=\"https:\/\/cochezsante.com\/en\/territories-served\/corporate-chair-massage-in-quebec-canada\/corporate-chair-massage-in-quebec-city\/\">Qu\u00e9bec<\/a><\/li>\r\n \t<li><a href=\"https:\/\/cochezsante.com\/en\/territories-served\/corporate-chair-massage-in-quebec-canada\/corporate-chair-massage-in-trois-rivieres\/\">Trois-Rivi\u00e8res<\/a><\/li>\r\n \t<li><a href=\"https:\/\/cochezsante.com\/en\/territories-served\/corporate-chair-massage-in-quebec-canada\/corporate-chair-massage-in-drummondville\/\">Drummondville<\/a><\/li>\r\n \t<li><a href=\"https:\/\/cochezsante.com\/en\/territories-served\/corporate-chair-massage-in-quebec-canada\/corporate-chair-massage-in-gaspesie\/\">Gasp\u00e9sie<\/a><\/li>\r\n \t<li><a href=\"https:\/\/cochezsante.com\/en\/territories-served\/corporate-chair-massage-in-quebec-canada\/corporate-chair-massage-in-mirabel\/\">Mirabel<\/a><\/li>\r\n \t<li><a href=\"https:\/\/cochezsante.com\/en\/territories-served\/corporate-chair-massage-in-quebec-canada\/corporate-chair-massage-in-st-sauveur\/\">St-Sauveur<\/a><\/li>\r\n \t<li><a href=\"https:\/\/cochezsante.com\/en\/territories-served\/corporate-chair-massage-in-quebec-canada\/corporate-chair-massage-in-tremblant\/\">Tremblant<\/a><\/li>\r\n<\/ul>\r\n<ul>\r\n \t<li><a href=\"https:\/\/cochezsante.com\/en\/territories-served\/corporate-chair-massage-in-quebec-canada\/corporate-chair-massage-in-laval\/\">Laval<\/a><\/li>\r\n \t<li><a href=\"https:\/\/cochezsante.com\/en\/territories-served\/corporate-chair-massage-in-quebec-canada\/business-chair-massage-in-granby\/\">Granby<\/a><\/li>\r\n \t<li><a href=\"https:\/\/cochezsante.com\/en\/territories-served\/corporate-chair-massage-in-quebec-canada\/corporate-chair-massage-in-sherbrooke\/\">Sherbrooke<\/a><\/li>\r\n \t<li><a href=\"https:\/\/cochezsante.com\/en\/territories-served\/corporate-chair-massage-in-quebec-canada\/corporate-chair-massage-in-bromont\/\">Bromont<\/a><\/li>\r\n \t<li><a href=\"https:\/\/cochezsante.com\/en\/territories-served\/corporate-chair-massage-in-quebec-canada\/corporate-chair-massage-in-sainte-adele\/\">Sainte-Ad\u00e8le<\/a><\/li>\r\n \t<li><a href=\"https:\/\/cochezsante.com\/en\/territories-served\/corporate-chair-massage-in-quebec-canada\/corporate-chair-massage-in-sainte-agathe-des-monts\/\">Sainte-Agathe-des-Monts<\/a><\/li>\r\n \t<li><a href=\"https:\/\/cochezsante.com\/en\/territories-served\/corporate-chair-massage-in-quebec-canada\/corporate-chair-massage-in-la-conception\/\">La Conception<\/a><\/li>\r\n \t<li><a href=\"https:\/\/cochezsante.com\/en\/territories-served\/corporate-chair-massage-in-quebec-canada\/corporate-chair-massage-in-brossard\/\">Brossard<\/a><\/li>\r\n<\/ul>\r\n<ul>\r\n \t<li><a href=\"https:\/\/cochezsante.com\/en\/territories-served\/corporate-chair-massage-in-quebec-canada\/corporate-chair-massage-in-longueuil\/\">Longueuil<\/a><\/li>\r\n \t<li><a href=\"https:\/\/cochezsante.com\/en\/territories-served\/corporate-chair-massage-in-quebec-canada\/corporate-chair-massage-in-boucherville\/\">Boucherville<\/a><\/li>\r\n \t<li><a href=\"https:\/\/cochezsante.com\/en\/territories-served\/corporate-chair-massage-in-quebec-canada\/corporate-chair-massage-in-rimouski\/\">Rimouski<\/a><\/li>\r\n \t<li><a href=\"https:\/\/cochezsante.com\/en\/territories-served\/corporate-chair-massage-in-quebec-canada\/corporate-chair-massage-in-laurentides\/\">Laurentides<\/a><\/li>\r\n \t<li><a href=\"https:\/\/cochezsante.com\/en\/territories-served\/corporate-chair-massage-in-quebec-canada\/corporate-chair-massage-in-abitibi\/\">Abitibi<\/a><\/li>\r\n \t<li><a href=\"https:\/\/cochezsante.com\/en\/territories-served\/corporate-chair-massage-in-quebec-canada\/corporate-chair-massage-in-st-jerome\/\">St-J\u00e9r\u00f4me<\/a><\/li>\r\n \t<li><a href=\"https:\/\/cochezsante.com\/en\/territories-served\/corporate-chair-massage-in-quebec-canada\/corporate-chair-massage-in-valleyfield\/\">Valleyfield<\/a><\/li>\r\n<\/ul>\r\n\r\n<h2>CANADA<\/h2>\r\n<ul>\r\n \t<li><a href=\"https:\/\/cochezsante.com\/en\/territories-served\/corporate-chair-massage-in-quebec-canada\/corporate-chair-massage-in-calgary-ab\/\">Calgary, AB<\/a><\/li>\r\n \t<li><a href=\"https:\/\/cochezsante.com\/en\/territories-served\/corporate-chair-massage-in-quebec-canada\/corporate-chair-massage-in-vancouver-bc\/\">Vancouver, BC<\/a><\/li>\r\n \t<li><a href=\"https:\/\/cochezsante.com\/en\/territories-served\/corporate-chair-massage-in-quebec-canada\/corporate-chair-massage-in-toronto-ont\/\">Toronto, Ont<\/a><\/li>\r\n \t<li><a href=\"https:\/\/cochezsante.com\/en\/territories-served\/corporate-chair-massage-in-quebec-canada\/corporate-chair-massage-in-north-york-ont\/\">North York, Ont<\/a><\/li>\r\n \t<li><a href=\"https:\/\/cochezsante.com\/en\/territories-served\/corporate-chair-massage-in-quebec-canada\/corporate-chair-massage-in-waterloo-ont\/\">Waterloo, Ont<\/a><\/li>\r\n \t<li><a href=\"https:\/\/cochezsante.com\/en\/territories-served\/corporate-chair-massage-in-quebec-canada\/corporate-chair-massage-in-ottawa-ont\/\">Ottawa, Ont<\/a><\/li>\r\n \t<li><a href=\"https:\/\/cochezsante.com\/en\/territories-served\/corporate-chair-massage-in-quebec-canada\/corporate-chair-massage-in-winnipeg-mb-cochez-sante\/\">Winnipeg, MB<\/a><\/li>\r\n \t<li><a href=\"https:\/\/cochezsante.com\/en\/territories-served\/corporate-chair-massage-in-quebec-canada\/corporate-chair-massage-in-st-john-nb\/\">St-John, NB<\/a><\/li>\r\n \t<li><a href=\"https:\/\/cochezsante.com\/en\/territories-served\/corporate-chair-massage-in-quebec-canada\/corporate-chair-massage-in-halifax-ns\/\">Halifax, NS<\/a><\/li>\r\n<\/ul>\t\t\t\t<\/div>\n\t\t\t\t<div class=\"elementor-element elementor-element-6de75110 elementor-widget elementor-widget-text-editor\" data-id=\"6de75110\" data-element_type=\"widget\" data-widget_type=\"text-editor.default\">\n\t\t\t\t\t\t\t\t\t<h2>Make an appointment!<\/h2><p>Please provide us with the information from the form below including a desired date in order to quickly begin opening your file and immediately check availability near the chosen date.<\/p>\t\t\t\t\t\t\t\t<\/div>\n\t\t\t\t<div class=\"elementor-element elementor-element-8e6bdcf elementor-widget elementor-widget-shortcode\" data-id=\"8e6bdcf\" data-element_type=\"widget\" data-widget_type=\"shortcode.default\">\n\t\t\t\t\t\t\t<div class=\"elementor-shortcode\">\n<div class=\"wpcf7 no-js\" id=\"wpcf7-f7325-o1\" lang=\"en-CA\" dir=\"ltr\" data-wpcf7-id=\"7325\">\n<div class=\"screen-reader-response\"><p role=\"status\" aria-live=\"polite\" aria-atomic=\"true\"><\/p> <ul><\/ul><\/div>\n<form action=\"\/en\/wp-json\/wp\/v2\/pages\/1789#wpcf7-f7325-o1\" method=\"post\" class=\"wpcf7-form init\" aria-label=\"Contact form\" novalidate=\"novalidate\" data-status=\"init\">\n<fieldset class=\"hidden-fields-container\"><input type=\"hidden\" name=\"_wpcf7\" value=\"7325\" \/><input type=\"hidden\" name=\"_wpcf7_version\" value=\"6.1.3\" \/><input type=\"hidden\" name=\"_wpcf7_locale\" value=\"en_CA\" \/><input type=\"hidden\" name=\"_wpcf7_unit_tag\" value=\"wpcf7-f7325-o1\" \/><input type=\"hidden\" name=\"_wpcf7_container_post\" value=\"0\" \/><input type=\"hidden\" name=\"_wpcf7_posted_data_hash\" value=\"\" \/><input type=\"hidden\" name=\"_wpcf7cf_hidden_group_fields\" value=\"[]\" \/><input type=\"hidden\" name=\"_wpcf7cf_hidden_groups\" value=\"[]\" \/><input type=\"hidden\" name=\"_wpcf7cf_visible_groups\" value=\"[]\" \/><input type=\"hidden\" name=\"_wpcf7cf_repeaters\" value=\"[]\" \/><input type=\"hidden\" name=\"_wpcf7cf_steps\" value=\"{}\" \/><input type=\"hidden\" name=\"_wpcf7cf_options\" value=\"{&quot;form_id&quot;:7325,&quot;conditions&quot;:[],&quot;settings&quot;:{&quot;animation&quot;:&quot;yes&quot;,&quot;animation_intime&quot;:200,&quot;animation_outtime&quot;:200,&quot;conditions_ui&quot;:&quot;normal&quot;,&quot;notice_dismissed&quot;:false}}\" \/>\n<\/fieldset>\n<div class=\"formservice\">\n  <div class=\"input-col\">\n    <label>\n      <span class=\"wpcf7-form-control-wrap\" data-name=\"mc4wp-FNAME\"><input size=\"40\" maxlength=\"400\" class=\"wpcf7-form-control wpcf7-text wpcf7-validates-as-required input-default\" aria-required=\"true\" aria-invalid=\"false\" placeholder=\"First name\" value=\"\" type=\"text\" name=\"mc4wp-FNAME\" \/><\/span>\n    <\/label>\n\n    <label> \n      <span class=\"wpcf7-form-control-wrap\" data-name=\"mc4wp-LNAME\"><input size=\"40\" maxlength=\"400\" class=\"wpcf7-form-control wpcf7-text wpcf7-validates-as-required input-default\" aria-required=\"true\" aria-invalid=\"false\" placeholder=\"Last name\" value=\"\" type=\"text\" name=\"mc4wp-LNAME\" \/><\/span>\n    <\/label>\n  <\/div>\n\n  <div class=\"input-col\">\n    <label> \n      <span class=\"wpcf7-form-control-wrap\" data-name=\"mc4wp-EMAIL\"><input size=\"40\" maxlength=\"400\" class=\"wpcf7-form-control wpcf7-email wpcf7-validates-as-required wpcf7-text wpcf7-validates-as-email input-default\" aria-required=\"true\" aria-invalid=\"false\" placeholder=\"Email\" value=\"\" type=\"email\" name=\"mc4wp-EMAIL\" \/><\/span>\n    <\/label>\n\n    <label>\n      <span class=\"wpcf7-form-control-wrap\" data-name=\"telephone\"><input size=\"40\" maxlength=\"400\" class=\"wpcf7-form-control wpcf7-tel wpcf7-validates-as-required wpcf7-text wpcf7-validates-as-tel input-default\" aria-required=\"true\" aria-invalid=\"false\" placeholder=\"Phone\" value=\"\" type=\"tel\" name=\"telephone\" \/><\/span>\n    <\/label>\n  <\/div>\n\n  <div class=\"input-col\">\n    <label> \n      <span class=\"wpcf7-form-control-wrap\" data-name=\"adressecom\"><input size=\"40\" maxlength=\"400\" class=\"wpcf7-form-control wpcf7-text wpcf7-validates-as-required input-default\" aria-required=\"true\" aria-invalid=\"false\" placeholder=\"Full address\" value=\"\" type=\"text\" name=\"adressecom\" \/><\/span>\n    <\/label>\n\n    <label>\n      <span class=\"wpcf7-form-control-wrap\" data-name=\"codepost\"><input size=\"40\" maxlength=\"400\" class=\"wpcf7-form-control wpcf7-text wpcf7-validates-as-required input-default\" aria-required=\"true\" aria-invalid=\"false\" placeholder=\"Postal code\" value=\"\" type=\"text\" name=\"codepost\" \/><\/span>\n    <\/label>\n  <\/div>\n\n  <div class=\"input-col\">\n    <label>\n      <span class=\"wpcf7-form-control-wrap\" data-name=\"datesouha\"><input size=\"40\" maxlength=\"400\" class=\"wpcf7-form-control wpcf7-text wpcf7-validates-as-required input-default\" aria-required=\"true\" aria-invalid=\"false\" placeholder=\"Massage date*\" value=\"\" type=\"text\" name=\"datesouha\" \/><\/span>\n    <\/label>\n\n    <label>\n      <span class=\"wpcf7-form-control-wrap\" data-name=\"datechoix\"><input size=\"40\" maxlength=\"400\" class=\"wpcf7-form-control wpcf7-text wpcf7-validates-as-required input-default\" aria-required=\"true\" aria-invalid=\"false\" placeholder=\"2nd choice date*\" value=\"\" type=\"text\" name=\"datechoix\" \/><\/span>\n    <\/label>\n  <\/div>\n\n  <div class=\"input-col nested\">\n    <div class=\"input-col\">\n      <label>\n       <span class=\"wpcf7-form-control-wrap\" data-name=\"typeevene\"><select class=\"wpcf7-form-control wpcf7-select wpcf7-validates-as-required input-default\" aria-required=\"true\" aria-invalid=\"false\" name=\"typeevene\"><option value=\"\">Event type*<\/option><option value=\"For our staff\">For our staff<\/option><option value=\"For our wellness program\">For our wellness program<\/option><option value=\"For our customers\">For our customers<\/option><option value=\"At our corporate event\">At our corporate event<\/option><option value=\"At our golf tournaments\">At our golf tournaments<\/option><option value=\"At a special event\">At a special event<\/option><option value=\"Other\">Other<\/option><\/select><\/span>\n      <\/label>\n\n      <label>\n       <span class=\"wpcf7-form-control-wrap\" data-name=\"numpartici\"><select class=\"wpcf7-form-control wpcf7-select wpcf7-validates-as-required input-default\" aria-required=\"true\" aria-invalid=\"false\" name=\"numpartici\"><option value=\"\">Number of participants*<\/option><option value=\"10 - 25\">10 - 25<\/option><option value=\"26 - 50\">26 - 50<\/option><option value=\"51 - 75\">51 - 75<\/option><option value=\"76 - 100\">76 - 100<\/option><option value=\"101 and more\">101 and more<\/option><\/select><\/span>\n      <\/label>\n    <\/div>\n\n    <div class=\"input-col\">\n      <label>\n       <span class=\"wpcf7-form-control-wrap\" data-name=\"tempsmassa\"><select class=\"wpcf7-form-control wpcf7-select wpcf7-validates-as-required input-default\" aria-required=\"true\" aria-invalid=\"false\" name=\"tempsmassa\"><option value=\"\">Massage time*<\/option><option value=\"15 minutes (chair massage)\">15 minutes (chair massage)<\/option><option value=\"20 minutes (chair massage)\">20 minutes (chair massage)<\/option><option value=\"30 minutes (chair massage)\">30 minutes (chair massage)<\/option><option value=\"60 minutes (table message only)\">60 minutes (table message only)<\/option><option value=\"90 minutes (table message only)\">90 minutes (table message only)<\/option><\/select><\/span>\n      <\/label>\n\n      <label>\n       <span class=\"wpcf7-form-control-wrap\" data-name=\"stationne\"><select class=\"wpcf7-form-control wpcf7-select wpcf7-validates-as-required input-default\" aria-required=\"true\" aria-invalid=\"false\" name=\"stationne\"><option value=\"\">Parking*<\/option><option value=\"On the site - Free\">On the site - Free<\/option><option value=\"On the site - Less than $15\">On the site - Less than $15<\/option><option value=\"On the site - More than $15\">On the site - More than $15<\/option><option value=\"Near the site - Free\">Near the site - Free<\/option><option value=\"Near the site - Less than $15\">Near the site - Less than $15<\/option><option value=\"Near the site - More than $15\">Near the site - More than $15<\/option><option value=\"Unknown\">Unknown<\/option><\/select><\/span>\n      <\/label>\n    <\/div>\n  <\/div>\n\n  Payment*\n  <p class=\"wrap-checkbox\">\n    <span class=\"wpcf7-form-control-wrap\" data-name=\"accept\"><span class=\"wpcf7-form-control wpcf7-acceptance\"><span class=\"wpcf7-list-item\"><label><input type=\"checkbox\" name=\"accept\" value=\"1\" class=\"checkbox-default\" aria-invalid=\"false\" \/><span class=\"wpcf7-list-item-label\">I confirm that all services will be paid in a single payment and by the company<\/span><\/label><\/span><\/span><\/span>\n  <\/p>\n\n  <label>Please specify your availability or any other important information (e.g.: desired hours, access to the establishment, etc.).\n    <span class=\"wpcf7-form-control-wrap\" data-name=\"your-message\"><textarea cols=\"10\" rows=\"5\" maxlength=\"2000\" class=\"wpcf7-form-control wpcf7-textarea input-default\" aria-invalid=\"false\" placeholder=\"Message\" name=\"your-message\"><\/textarea><\/span>\n  <\/label>\n\n  <div class=\"wrap-btn-send\">\n    <input class=\"wpcf7-form-control wpcf7-submit has-spinner btn-send\" type=\"submit\" value=\"Submit\" \/>\n  <\/div>\n<\/div><input type=\"hidden\" id=\"ct_checkjs_cf7_ebd9629fc3ae5e9f6611e2ee05a31cef\" name=\"ct_checkjs_cf7\" value=\"0\" \/><script >setTimeout(function(){var ct_input_name = \"ct_checkjs_cf7_ebd9629fc3ae5e9f6611e2ee05a31cef\";if (document.getElementById(ct_input_name) !== null) {var ct_input_value = document.getElementById(ct_input_name).value;document.getElementById(ct_input_name).value = document.getElementById(ct_input_name).value.replace(ct_input_value, '298347898');}}, 1000);<\/script><input\n                    class=\"apbct_special_field apbct_email_id__wp_contact_form_7\"\n                    name=\"apbct__email_id__wp_contact_form_7\"\n                    aria-label=\"apbct__label_id__wp_contact_form_7\"\n                    type=\"text\" size=\"30\" maxlength=\"200\" autocomplete=\"off\"\n                    value=\"\"\n                \/><div class=\"wpcf7-response-output\" aria-hidden=\"true\"><\/div>\n<input\n                    class=\"apbct_special_field apbct_email_id__elementor_form\"\n                    name=\"apbct__email_id__elementor_form\"\n                    aria-label=\"apbct__label_id__elementor_form\"\n                    type=\"text\" size=\"30\" maxlength=\"200\" autocomplete=\"off\"\n                    value=\"\"\n                \/><\/form>\n<\/div>\n<\/div>\n\t\t\t\t\t\t<\/div>\n\t\t\t\t<div class=\"elementor-element elementor-element-5c36b74 elementor-widget elementor-widget-text-editor\" data-id=\"5c36b74\" data-element_type=\"widget\" data-widget_type=\"text-editor.default\">\n\t\t\t\t\t\t\t\t\t<p class=\"content-square-blue\">\u00ab Lightening the body and lighting the mind also benefits the company that chooses to invest in prevention and well-being. \u00bb\nPascale Haudegand, fondatrice<\/p>\t\t\t\t\t\t\t\t<\/div>\n\t\t\t\t\t<\/div>\n\t\t\t\t<\/div>\n\t\t\t\t<\/div>\n\t\t","protected":false},"excerpt":{"rendered":"<p>Corporate chair massage in Quebec and Canada PROVINCE OF QUEBEC Montr\u00e9al Qu\u00e9bec Trois-Rivi\u00e8res Drummondville Gasp\u00e9sie Mirabel St-Sauveur Tremblant Laval Granby [&hellip;]<\/p>\n","protected":false},"author":2,"featured_media":0,"parent":1711,"menu_order":0,"comment_status":"closed","ping_status":"closed","template":"","meta":{"site-sidebar-layout":"no-sidebar","site-content-layout":"","ast-site-content-layout":"full-width-container","site-content-style":"default","site-sidebar-style":"default","ast-global-header-display":"","ast-banner-title-visibility":"","ast-main-header-display":"","ast-hfb-above-header-display":"","ast-hfb-below-header-display":"","ast-hfb-mobile-header-display":"","site-post-title":"disabled","ast-breadcrumbs-content":"","ast-featured-img":"disabled","footer-sml-layout":"","theme-transparent-header-meta":"default","adv-header-id-meta":"","stick-header-meta":"","header-above-stick-meta":"","header-main-stick-meta":"","header-below-stick-meta":"","astra-migrate-meta-layouts":"set","ast-page-background-enabled":"default","ast-page-background-meta":{"desktop":{"background-color":"var(--ast-global-color-5)","background-image":"","background-repeat":"repeat","background-position":"center center","background-size":"auto","background-attachment":"scroll","background-type":"","background-media":"","overlay-type":"","overlay-color":"","overlay-opacity":"","overlay-gradient":""},"tablet":{"background-color":"","background-image":"","background-repeat":"repeat","background-position":"center center","background-size":"auto","background-attachment":"scroll","background-type":"","background-media":"","overlay-type":"","overlay-color":"","overlay-opacity":"","overlay-gradient":""},"mobile":{"background-color":"","background-image":"","background-repeat":"repeat","background-position":"center center","background-size":"auto","background-attachment":"scroll","background-type":"","background-media":"","overlay-type":"","overlay-color":"","overlay-opacity":"","overlay-gradient":""}},"ast-content-background-meta":{"desktop":{"background-color":"var(--ast-global-color-4)","background-image":"","background-repeat":"repeat","background-position":"center center","background-size":"auto","background-attachment":"scroll","background-type":"","background-media":"","overlay-type":"","overlay-color":"","overlay-opacity":"","overlay-gradient":""},"tablet":{"background-color":"var(--ast-global-color-4)","background-image":"","background-repeat":"repeat","background-position":"center center","background-size":"auto","background-attachment":"scroll","background-type":"","background-media":"","overlay-type":"","overlay-color":"","overlay-opacity":"","overlay-gradient":""},"mobile":{"background-color":"var(--ast-global-color-4)","background-image":"","background-repeat":"repeat","background-position":"center center","background-size":"auto","background-attachment":"scroll","background-type":"","background-media":"","overlay-type":"","overlay-color":"","overlay-opacity":"","overlay-gradient":""}},"footnotes":""},"class_list":["post-1789","page","type-page","status-publish","hentry"],"_links":{"self":[{"href":"https:\/\/cochezsante.com\/en\/wp-json\/wp\/v2\/pages\/1789","targetHints":{"allow":["GET"]}}],"collection":[{"href":"https:\/\/cochezsante.com\/en\/wp-json\/wp\/v2\/pages"}],"about":[{"href":"https:\/\/cochezsante.com\/en\/wp-json\/wp\/v2\/types\/page"}],"author":[{"embeddable":true,"href":"https:\/\/cochezsante.com\/en\/wp-json\/wp\/v2\/users\/2"}],"replies":[{"embeddable":true,"href":"https:\/\/cochezsante.com\/en\/wp-json\/wp\/v2\/comments?post=1789"}],"version-history":[{"count":0,"href":"https:\/\/cochezsante.com\/en\/wp-json\/wp\/v2\/pages\/1789\/revisions"}],"up":[{"embeddable":true,"href":"https:\/\/cochezsante.com\/en\/wp-json\/wp\/v2\/pages\/1711"}],"wp:attachment":[{"href":"https:\/\/cochezsante.com\/en\/wp-json\/wp\/v2\/media?parent=1789"}],"curies":[{"name":"wp","href":"https:\/\/api.w.org\/{rel}","templated":true}]}}